{"id":22271,"date":"2021-04-12T11:39:28","date_gmt":"2021-04-12T11:39:28","guid":{"rendered":"https:\/\/actalex.be\/historique\/"},"modified":"2022-04-01T09:43:10","modified_gmt":"2022-04-01T09:43:10","slug":"historiek","status":"publish","type":"page","link":"https:\/\/actalex.be\/nl\/historiek\/","title":{"rendered":"Historiek"},"content":{"rendered":"\t\t<div data-elementor-type=\"wp-page\" data-elementor-id=\"22271\" class=\"elementor elementor-22271 elementor-17784\">\n\t\t\t\t\t\t<section class=\"elementor-section elementor-top-section elementor-element elementor-element-45115ca0 elementor-section-height-min-height animated-slow elementor-section-boxed elementor-section-height-default elementor-section-items-middle elementor-invisible\" data-id=\"45115ca0\" data-element_type=\"section\" data-e-type=\"section\" data-settings=\"{&quot;background_background&quot;:&quot;classic&quot;,&quot;animation&quot;:&quot;fadeIn&quot;}\">\n\t\t\t\t\t\t\t<div class=\"elementor-background-overlay\"><\/div>\n\t\t\t\t\t\t\t<div class=\"elementor-container elementor-column-gap-default\">\n\t\t\t\t\t<div class=\"elementor-column elementor-col-100 elementor-top-column elementor-element elementor-element-1526ac2f\" data-id=\"1526ac2f\" data-element_type=\"column\" data-e-type=\"column\">\n\t\t\t<div class=\"elementor-widget-wrap elementor-element-populated\">\n\t\t\t\t\t\t<div class=\"elementor-element elementor-element-537676f elementor-widget elementor-widget-heading\" data-id=\"537676f\" data-element_type=\"widget\" data-e-type=\"widget\" data-widget_type=\"heading.default\">\n\t\t\t\t<div class=\"elementor-widget-container\">\n\t\t\t\t\t<h1 class=\"elementor-heading-title elementor-size-default\">HistoriEK<\/h1>\t\t\t\t<\/div>\n\t\t\t\t<\/div>\n\t\t\t\t\t<\/div>\n\t\t<\/div>\n\t\t\t\t\t<\/div>\n\t\t<\/section>\n\t\t\t\t<section class=\"elementor-section elementor-top-section elementor-element elementor-element-6c661608 elementor-section-boxed elementor-section-height-default elementor-section-height-default\" data-id=\"6c661608\" data-element_type=\"section\" data-e-type=\"section\" data-settings=\"{&quot;background_background&quot;:&quot;classic&quot;}\">\n\t\t\t\t\t\t<div class=\"elementor-container elementor-column-gap-default\">\n\t\t\t\t\t<div class=\"elementor-column elementor-col-100 elementor-top-column elementor-element elementor-element-2331cb98\" data-id=\"2331cb98\" data-element_type=\"column\" data-e-type=\"column\">\n\t\t\t<div class=\"elementor-widget-wrap elementor-element-populated\">\n\t\t\t\t\t\t<div class=\"elementor-element elementor-element-308600b9 elementor-widget elementor-widget-spacer\" data-id=\"308600b9\" data-element_type=\"widget\" data-e-type=\"widget\" data-widget_type=\"spacer.default\">\n\t\t\t\t<div class=\"elementor-widget-container\">\n\t\t\t\t\t\t\t<div class=\"elementor-spacer\">\n\t\t\t<div class=\"elementor-spacer-inner\"><\/div>\n\t\t<\/div>\n\t\t\t\t\t\t<\/div>\n\t\t\t\t<\/div>\n\t\t\t\t<div class=\"elementor-element elementor-element-8535f26 elementor-widget elementor-widget-text-editor\" data-id=\"8535f26\" data-element_type=\"widget\" data-e-type=\"widget\" data-widget_type=\"text-editor.default\">\n\t\t\t\t<div class=\"elementor-widget-container\">\n\t\t\t\t\t\t\t\t\t<p><strong>ACTALEX<\/strong> brengt de activiteiten samen van de notariskantoren van Herseaux (notaris Benoit Cloet), Dottignies (notarissen Christophe Werbrouck en Sylvie Delcour) en Estaimbourg (notarissen Alain Henry en Vincent Colin).<\/p>\n<p><strong>ACTALEX<\/strong> houdt de minuten en archieven van de volgende notarissen:<\/p>\t\t\t\t\t\t\t\t<\/div>\n\t\t\t\t<\/div>\n\t\t\t\t\t<\/div>\n\t\t<\/div>\n\t\t\t\t\t<\/div>\n\t\t<\/section>\n\t\t\t\t<section class=\"elementor-section elementor-top-section elementor-element elementor-element-66d4f96 elementor-section-boxed elementor-section-height-default elementor-section-height-default\" data-id=\"66d4f96\" data-element_type=\"section\" data-e-type=\"section\" data-settings=\"{&quot;background_background&quot;:&quot;classic&quot;}\">\n\t\t\t\t\t\t<div class=\"elementor-container elementor-column-gap-default\">\n\t\t\t\t\t<div class=\"elementor-column elementor-col-50 elementor-top-column elementor-element elementor-element-d8c8272\" data-id=\"d8c8272\" data-element_type=\"column\" data-e-type=\"column\">\n\t\t\t<div class=\"elementor-widget-wrap elementor-element-populated\">\n\t\t\t\t\t\t<div class=\"elementor-element elementor-element-38c58a8 elementor-widget elementor-widget-text-editor\" data-id=\"38c58a8\" data-element_type=\"widget\" data-e-type=\"widget\" data-widget_type=\"text-editor.default\">\n\t\t\t\t<div class=\"elementor-widget-container\">\n\t\t\t\t\t\t\t\t\t<ul><li>CAMBIER L\u00e9on-Jean in Saint-Sauveur en in Moeskroen (1978-1997)<\/li><li>CLOET Benoit in Herseaux (depuis 1994)<\/li><li>CLOET Godfried in Herseaux (1953-1994)<\/li><li>COLIN Vincent in Estaimbourg (depuis 2003)<\/li><li>DASSONVILLE Georges in Dottignies (1922-1955)<\/li><li>DELCOUR Sylvie in Dottignies (depuis 2009)<\/li><li>DUBUISSON Michel in Dottignies (1983-2013)<\/li><li>DUCHATELET Louis in Estaimbourg (1879-1913)<\/li><li>DUCHATELET Ludovic in Estaimbourg (1914-1924)<\/li><li>FORGE Auguste in Dottignies (1884-1922)<\/li><li>GERBEHAYE Jean in Estaimbourg (1924-1934)<\/li><li>GILLIS Albert in Dottignies (1961-1962)<\/li><li>GOIGNE Adrien in Herseaux (1939-1953)<\/li><li>HENRY Alain in Estaimbourg (depuis 1993)<\/li><li>HENRY Jean in Estaimbourg (1960-1993)<\/li><\/ul>\t\t\t\t\t\t\t\t<\/div>\n\t\t\t\t<\/div>\n\t\t\t\t\t<\/div>\n\t\t<\/div>\n\t\t\t\t<div class=\"elementor-column elementor-col-50 elementor-top-column elementor-element elementor-element-72b3d79\" data-id=\"72b3d79\" data-element_type=\"column\" data-e-type=\"column\">\n\t\t\t<div class=\"elementor-widget-wrap elementor-element-populated\">\n\t\t\t\t\t\t<div class=\"elementor-element elementor-element-bcb93e9 elementor-widget elementor-widget-text-editor\" data-id=\"bcb93e9\" data-element_type=\"widget\" data-e-type=\"widget\" data-widget_type=\"text-editor.default\">\n\t\t\t\t<div class=\"elementor-widget-container\">\n\t\t\t\t\t\t\t\t\t<ul><li>HERBAY Michel in Moeskroen (1997-1999)<\/li><li>MASSELUS Camille-Alphonse in Dottignies (1876-1899)<\/li><li>MASSELUS Pierre-Jean in Bellegem (1853-1871)<\/li><li>MASSON Emile in Estaimbourg (1850-1859)<\/li><li>PARMENTIER Andr\u00e9 in Estaimbourg (1934-1960)<\/li><li>PAYEN Alexandre in Estaimbourg (1860-1879)<\/li><li>RAEPSAET Jules in Dottignies (1900-1946)<\/li><li>SURSAN F\u00e9lix-D\u00e9sir\u00e9 in Helchin (1872-1876)<\/li><li>VAN OOSTERWIJCK Gomaire in Dottignies (1955-1960)<\/li><li>VAN ROY Yves in Estaimbourg (2004-2005)<\/li><li>VESTENS Robert in Dottignies (1960-1983)<\/li><li>WARLOP Andr\u00e9 in Herseaux (1929-1939)<\/li><li>WERBROUCK Christophe in Dottignies (depuis 1990)<\/li><li>WERBROUCK Dirk in Dottignies (1962-1990)<\/li><li>WERBROUCK Godfried in Dottignies (1948-1961)<\/li><\/ul>\t\t\t\t\t\t\t\t<\/div>\n\t\t\t\t<\/div>\n\t\t\t\t\t<\/div>\n\t\t<\/div>\n\t\t\t\t\t<\/div>\n\t\t<\/section>\n\t\t\t\t<section class=\"elementor-section elementor-top-section elementor-element elementor-element-7840c7a elementor-section-boxed elementor-section-height-default elementor-section-height-default\" data-id=\"7840c7a\" data-element_type=\"section\" data-e-type=\"section\" data-settings=\"{&quot;background_background&quot;:&quot;classic&quot;}\">\n\t\t\t\t\t\t<div class=\"elementor-container elementor-column-gap-default\">\n\t\t\t\t\t<div class=\"elementor-column elementor-col-100 elementor-top-column elementor-element elementor-element-e0c22fd\" data-id=\"e0c22fd\" data-element_type=\"column\" data-e-type=\"column\">\n\t\t\t<div class=\"elementor-widget-wrap elementor-element-populated\">\n\t\t\t\t\t\t<div class=\"elementor-element elementor-element-5f34c0dd elementor-widget elementor-widget-spacer\" data-id=\"5f34c0dd\" data-element_type=\"widget\" data-e-type=\"widget\" data-widget_type=\"spacer.default\">\n\t\t\t\t<div class=\"elementor-widget-container\">\n\t\t\t\t\t\t\t<div class=\"elementor-spacer\">\n\t\t\t<div class=\"elementor-spacer-inner\"><\/div>\n\t\t<\/div>\n\t\t\t\t\t\t<\/div>\n\t\t\t\t<\/div>\n\t\t\t\t\t<\/div>\n\t\t<\/div>\n\t\t\t\t\t<\/div>\n\t\t<\/section>\n\t\t\t\t<\/div>\n\t\t","protected":false},"excerpt":{"rendered":"<p>HistoriEK ACTALEX brengt de activiteiten samen van de notariskantoren van Herseaux (notaris Benoit Cloet), Dottignies (notarissen Christophe Werbrouck en Sylvie Delcour) en Estaimbourg (notarissen Alain Henry en Vincent Colin). ACTALEX houdt de minuten en archieven van de volgende notarissen: CAMBIER L\u00e9on-Jean in Saint-Sauveur en in Moeskroen (1978-1997) CLOET Benoit in Herseaux (depuis 1994) CLOET Godfried [&hellip;]<\/p>\n","protected":false},"author":13,"featured_media":0,"parent":0,"menu_order":0,"comment_status":"closed","ping_status":"closed","template":"template\/template-homepage.php","meta":{"footnotes":""},"class_list":["post-22271","page","type-page","status-publish","hentry"],"yoast_head":"<!-- This site is optimized with the Yoast SEO plugin v27.4 - https:\/\/yoast.com\/product\/yoast-seo-wordpress\/ -->\n<title>Historiek - Actalex<\/title>\n<meta name=\"robots\" content=\"index, follow, max-snippet:-1, max-image-preview:large, max-video-preview:-1\" \/>\n<link rel=\"canonical\" href=\"https:\/\/actalex.be\/nl\/historiek\/\" \/>\n<meta property=\"og:locale\" content=\"nl_NL\" \/>\n<meta property=\"og:type\" content=\"article\" \/>\n<meta property=\"og:title\" content=\"Historiek - Actalex\" \/>\n<meta property=\"og:description\" content=\"HistoriEK ACTALEX brengt de activiteiten samen van de notariskantoren van Herseaux (notaris Benoit Cloet), Dottignies (notarissen Christophe Werbrouck en Sylvie Delcour) en Estaimbourg (notarissen Alain Henry en Vincent Colin). ACTALEX houdt de minuten en archieven van de volgende notarissen: CAMBIER L\u00e9on-Jean in Saint-Sauveur en in Moeskroen (1978-1997) CLOET Benoit in Herseaux (depuis 1994) CLOET Godfried [&hellip;]\" \/>\n<meta property=\"og:url\" content=\"https:\/\/actalex.be\/nl\/historiek\/\" \/>\n<meta property=\"og:site_name\" content=\"Actalex\" \/>\n<meta property=\"article:modified_time\" content=\"2022-04-01T09:43:10+00:00\" \/>\n<meta name=\"twitter:card\" content=\"summary_large_image\" \/>\n<meta name=\"twitter:label1\" content=\"Geschatte leestijd\" \/>\n\t<meta name=\"twitter:data1\" content=\"1 minuut\" \/>\n<script type=\"application\/ld+json\" class=\"yoast-schema-graph\">{\"@context\":\"https:\\\/\\\/schema.org\",\"@graph\":[{\"@type\":\"WebPage\",\"@id\":\"https:\\\/\\\/actalex.be\\\/nl\\\/historiek\\\/\",\"url\":\"https:\\\/\\\/actalex.be\\\/nl\\\/historiek\\\/\",\"name\":\"Historiek - Actalex\",\"isPartOf\":{\"@id\":\"https:\\\/\\\/actalex.be\\\/nl\\\/#website\"},\"datePublished\":\"2021-04-12T11:39:28+00:00\",\"dateModified\":\"2022-04-01T09:43:10+00:00\",\"breadcrumb\":{\"@id\":\"https:\\\/\\\/actalex.be\\\/nl\\\/historiek\\\/#breadcrumb\"},\"inLanguage\":\"nl-NL\",\"potentialAction\":[{\"@type\":\"ReadAction\",\"target\":[\"https:\\\/\\\/actalex.be\\\/nl\\\/historiek\\\/\"]}]},{\"@type\":\"BreadcrumbList\",\"@id\":\"https:\\\/\\\/actalex.be\\\/nl\\\/historiek\\\/#breadcrumb\",\"itemListElement\":[{\"@type\":\"ListItem\",\"position\":1,\"name\":\"Accueil\",\"item\":\"https:\\\/\\\/actalex.be\\\/nl\\\/\"},{\"@type\":\"ListItem\",\"position\":2,\"name\":\"Historiek\"}]},{\"@type\":\"WebSite\",\"@id\":\"https:\\\/\\\/actalex.be\\\/nl\\\/#website\",\"url\":\"https:\\\/\\\/actalex.be\\\/nl\\\/\",\"name\":\"Actalex\",\"description\":\"\",\"potentialAction\":[{\"@type\":\"SearchAction\",\"target\":{\"@type\":\"EntryPoint\",\"urlTemplate\":\"https:\\\/\\\/actalex.be\\\/nl\\\/?s={search_term_string}\"},\"query-input\":{\"@type\":\"PropertyValueSpecification\",\"valueRequired\":true,\"valueName\":\"search_term_string\"}}],\"inLanguage\":\"nl-NL\"}]}<\/script>\n<!-- \/ Yoast SEO plugin. -->","yoast_head_json":{"title":"Historiek - Actalex","robots":{"index":"index","follow":"follow","max-snippet":"max-snippet:-1","max-image-preview":"max-image-preview:large","max-video-preview":"max-video-preview:-1"},"canonical":"https:\/\/actalex.be\/nl\/historiek\/","og_locale":"nl_NL","og_type":"article","og_title":"Historiek - Actalex","og_description":"HistoriEK ACTALEX brengt de activiteiten samen van de notariskantoren van Herseaux (notaris Benoit Cloet), Dottignies (notarissen Christophe Werbrouck en Sylvie Delcour) en Estaimbourg (notarissen Alain Henry en Vincent Colin). ACTALEX houdt de minuten en archieven van de volgende notarissen: CAMBIER L\u00e9on-Jean in Saint-Sauveur en in Moeskroen (1978-1997) CLOET Benoit in Herseaux (depuis 1994) CLOET Godfried [&hellip;]","og_url":"https:\/\/actalex.be\/nl\/historiek\/","og_site_name":"Actalex","article_modified_time":"2022-04-01T09:43:10+00:00","twitter_card":"summary_large_image","twitter_misc":{"Geschatte leestijd":"1 minuut"},"schema":{"@context":"https:\/\/schema.org","@graph":[{"@type":"WebPage","@id":"https:\/\/actalex.be\/nl\/historiek\/","url":"https:\/\/actalex.be\/nl\/historiek\/","name":"Historiek - Actalex","isPartOf":{"@id":"https:\/\/actalex.be\/nl\/#website"},"datePublished":"2021-04-12T11:39:28+00:00","dateModified":"2022-04-01T09:43:10+00:00","breadcrumb":{"@id":"https:\/\/actalex.be\/nl\/historiek\/#breadcrumb"},"inLanguage":"nl-NL","potentialAction":[{"@type":"ReadAction","target":["https:\/\/actalex.be\/nl\/historiek\/"]}]},{"@type":"BreadcrumbList","@id":"https:\/\/actalex.be\/nl\/historiek\/#breadcrumb","itemListElement":[{"@type":"ListItem","position":1,"name":"Accueil","item":"https:\/\/actalex.be\/nl\/"},{"@type":"ListItem","position":2,"name":"Historiek"}]},{"@type":"WebSite","@id":"https:\/\/actalex.be\/nl\/#website","url":"https:\/\/actalex.be\/nl\/","name":"Actalex","description":"","potentialAction":[{"@type":"SearchAction","target":{"@type":"EntryPoint","urlTemplate":"https:\/\/actalex.be\/nl\/?s={search_term_string}"},"query-input":{"@type":"PropertyValueSpecification","valueRequired":true,"valueName":"search_term_string"}}],"inLanguage":"nl-NL"}]}},"_links":{"self":[{"href":"https:\/\/actalex.be\/nl\/wp-json\/wp\/v2\/pages\/22271","targetHints":{"allow":["GET"]}}],"collection":[{"href":"https:\/\/actalex.be\/nl\/wp-json\/wp\/v2\/pages"}],"about":[{"href":"https:\/\/actalex.be\/nl\/wp-json\/wp\/v2\/types\/page"}],"author":[{"embeddable":true,"href":"https:\/\/actalex.be\/nl\/wp-json\/wp\/v2\/users\/13"}],"replies":[{"embeddable":true,"href":"https:\/\/actalex.be\/nl\/wp-json\/wp\/v2\/comments?post=22271"}],"version-history":[{"count":9,"href":"https:\/\/actalex.be\/nl\/wp-json\/wp\/v2\/pages\/22271\/revisions"}],"predecessor-version":[{"id":23909,"href":"https:\/\/actalex.be\/nl\/wp-json\/wp\/v2\/pages\/22271\/revisions\/23909"}],"wp:attachment":[{"href":"https:\/\/actalex.be\/nl\/wp-json\/wp\/v2\/media?parent=22271"}],"curies":[{"name":"wp","href":"https:\/\/api.w.org\/{rel}","templated":true}]}}