{"id":22261,"date":"2021-08-17T14:25:21","date_gmt":"2021-08-17T14:25:21","guid":{"rendered":"https:\/\/actalex.be\/cookies\/"},"modified":"2021-08-17T14:25:21","modified_gmt":"2021-08-17T14:25:21","slug":"cookies","status":"publish","type":"page","link":"https:\/\/actalex.be\/nl\/cookies\/","title":{"rendered":"Cookies"},"content":{"rendered":"\t\t<div data-elementor-type=\"wp-post\" data-elementor-id=\"22261\" class=\"elementor elementor-22261 elementor-19044\">\n\t\t\t\t\t\t<section class=\"elementor-section elementor-top-section elementor-element elementor-element-b7481d5 elementor-section-height-min-height animated-slow elementor-section-boxed elementor-section-height-default elementor-section-items-middle elementor-invisible\" data-id=\"b7481d5\" data-element_type=\"section\" data-e-type=\"section\" data-settings=\"{&quot;background_background&quot;:&quot;classic&quot;,&quot;animation&quot;:&quot;fadeIn&quot;}\">\n\t\t\t\t\t\t\t<div class=\"elementor-background-overlay\"><\/div>\n\t\t\t\t\t\t\t<div class=\"elementor-container elementor-column-gap-default\">\n\t\t\t\t\t<div class=\"elementor-column elementor-col-100 elementor-top-column elementor-element elementor-element-1a75f6a\" data-id=\"1a75f6a\" data-element_type=\"column\" data-e-type=\"column\">\n\t\t\t<div class=\"elementor-widget-wrap elementor-element-populated\">\n\t\t\t\t\t\t<div class=\"elementor-element elementor-element-567f89f elementor-widget elementor-widget-heading\" data-id=\"567f89f\" data-element_type=\"widget\" data-e-type=\"widget\" data-widget_type=\"heading.default\">\n\t\t\t\t<div class=\"elementor-widget-container\">\n\t\t\t\t\t<h1 class=\"elementor-heading-title elementor-size-default\">POLITIQUE DE GESTION DES COOKIES<\/h1>\t\t\t\t<\/div>\n\t\t\t\t<\/div>\n\t\t\t\t\t<\/div>\n\t\t<\/div>\n\t\t\t\t\t<\/div>\n\t\t<\/section>\n\t\t\t\t<section class=\"elementor-section elementor-top-section elementor-element elementor-element-19f6c41 elementor-section-boxed elementor-section-height-default elementor-section-height-default\" data-id=\"19f6c41\" data-element_type=\"section\" data-e-type=\"section\" data-settings=\"{&quot;background_background&quot;:&quot;classic&quot;}\">\n\t\t\t\t\t\t<div class=\"elementor-container elementor-column-gap-default\">\n\t\t\t\t\t<div class=\"elementor-column elementor-col-100 elementor-top-column elementor-element elementor-element-2be4634\" data-id=\"2be4634\" data-element_type=\"column\" data-e-type=\"column\">\n\t\t\t<div class=\"elementor-widget-wrap elementor-element-populated\">\n\t\t\t\t\t\t<div class=\"elementor-element elementor-element-62ea67ff elementor-widget elementor-widget-spacer\" data-id=\"62ea67ff\" data-element_type=\"widget\" data-e-type=\"widget\" data-widget_type=\"spacer.default\">\n\t\t\t\t<div class=\"elementor-widget-container\">\n\t\t\t\t\t\t\t<div class=\"elementor-spacer\">\n\t\t\t<div class=\"elementor-spacer-inner\"><\/div>\n\t\t<\/div>\n\t\t\t\t\t\t<\/div>\n\t\t\t\t<\/div>\n\t\t\t\t<div class=\"elementor-element elementor-element-df8f57d elementor-widget elementor-widget-text-editor\" data-id=\"df8f57d\" data-element_type=\"widget\" data-e-type=\"widget\" data-widget_type=\"text-editor.default\">\n\t\t\t\t<div class=\"elementor-widget-container\">\n\t\t\t\t\t\t\t\t\t<p>La pr\u00e9sente politique en mati\u00e8re de cookies a \u00e9t\u00e9 r\u00e9dig\u00e9e par <em>Actalex<\/em> pour le site web (<em>actalex.be<\/em>).<\/p><p>Lors de votre visite sur le site web susmentionn\u00e9, des cookies ou d\u2019autres technologies similaires peuvent \u00eatre utilis\u00e9s pour am\u00e9liorer la convivialit\u00e9 du site web.<\/p><p>Les cookies sont des fichiers plac\u00e9s sur votre propre ordinateur ou sur les appareils portables. Ces fichiers contiennent les informations n\u00e9cessaires pour r\u00e9pondre aux besoins de l&#8217;utilisateur sur le site.<\/p><p>La pr\u00e9sente politique d\u00e9taille lesquels sont utilis\u00e9s sur les sites et la mani\u00e8re de les supprimer.<\/p><h3>Types de cookies<\/h3><p>Il existe diff\u00e9rentes sortes de cookies class\u00e9s selon leur dur\u00e9e de vie, leur origine et leur fonctionnalit\u00e9.<\/p><p>En termes de dur\u00e9e de vie, il existe des cookies permanents et des cookies de session\u00a0:<\/p><ul><li>Cookies permanents : ces cookies restent sur l&#8217;ordinateur pendant un certain temps apr\u00e8s chaque visite sur le site Web. Ils sont activ\u00e9s lorsque la personne visite \u00e0 nouveau ce site web\u00a0;<\/li><li>Cookies de session : ces cookies restent sur votre ordinateur pendant la visite du site, mais sont imm\u00e9diatement supprim\u00e9s lorsque vous quittez le site.<\/li><\/ul><p>En outre, il existe des cookies class\u00e9s par origine, \u00e0 savoir les cookies tiers et les cookies internes.<\/p><ul><li>Cookies internes : ce sont des cookies qui sont plac\u00e9s par le site web que l&#8217;utilisateur est en train de visiter ;<\/li><li>Cookies tiers : il s&#8217;agit des cookies qui sont plac\u00e9s par un tiers sur le site web.<\/li><\/ul><p>Enfin et surtout, il existe aussi des cookies qui peuvent \u00eatre class\u00e9s sur base de leur fonctionnalit\u00e9\u00a0:<\/p><ul><li>Cookies fonctionnels : ces cookies sont indispensables pour l\u2019utilisation du site web (taille de l\u2019\u00e9cran, langue utilis\u00e9e par exemple, etc.). Le site web ne fonctionnera pas correctement s&#8217;ils sont supprim\u00e9s\u00a0;<\/li><li>Cookies non fonctionnels : ces cookies ne sont pas indispensables au fonctionnement du site web mais peuvent \u00eatre class\u00e9s suivant leur objectif\u00a0:<ul><li>Marketing,<\/li><li>Statistique (analytique et\/ou de suivi),<\/li><li>Social<\/li><\/ul><\/li><\/ul>\t\t\t\t\t\t\t\t<\/div>\n\t\t\t\t<\/div>\n\t\t\t\t<div class=\"elementor-element elementor-element-3e967ab elementor-widget elementor-widget-text-editor\" data-id=\"3e967ab\" data-element_type=\"widget\" data-e-type=\"widget\" data-widget_type=\"text-editor.default\">\n\t\t\t\t<div class=\"elementor-widget-container\">\n\t\t\t\t\t\t\t\t\t<h3>Cookies utilis\u00e9s<\/h3>\nLe site web concern\u00e9 utilise les cookies suivants:\n<h4>Cookies fonctionnels<\/h4>\n<strong><em>* Les cookies list\u00e9s ci-dessous sont des exemples. Adressez-vous au gestionnaire de votre site afin qu\u2019il puisse remplir ce tableau en fonction des cookies que vous utilisez.<\/em><\/strong>\n<table width=\"100%\">\n<tbody>\n<tr>\n<td width=\"20%\">Nom<\/td>\n<td width=\"20%\">Type<\/td>\n<td width=\"20%\">Ech\u00e9ance<\/td>\n<td width=\"40%\">Objectif<\/td>\n<\/tr>\n<tr>\n<td width=\"115\"><em>PHPSESSID<\/em><\/td>\n<td width=\"222\"><em>Cookies internes<\/em><\/td>\n<td width=\"109\"><em>Cookie de session <\/em><\/td>\n<td width=\"154\"><em>Ce cookie conserve un identifiant unique.<\/em><\/td>\n<\/tr>\n<tr>\n<td width=\"115\"><em>Device_view<\/em><\/td>\n<td width=\"222\"><em>Cookies internes<\/em><\/td>\n<td width=\"109\"><em>1 mois<\/em><\/td>\n<td width=\"154\"><em>Ce cookie est plac\u00e9 afin de d\u00e9terminer avec quel appareil le site est consult\u00e9, de fa\u00e7on \u00e0 offrir une bonne fonctionnalit\u00e9 (p. ex. pour la taille de l&#8217;\u00e9cran). <\/em><\/td>\n<\/tr>\n\n<tr>\n<td width=\"115\"><em>Lees_later<\/em><\/td>\n<td width=\"222\"><em>Cookies internes<\/em><\/td>\n<td width=\"109\"><em>1 mois <\/em><\/td>\n<td width=\"154\"><em>Ce cookie garde la trace des articles qui ont \u00e9t\u00e9 archiv\u00e9s.<\/em><\/td>\n<\/tr>\n<tr>\n<td width=\"115\"><em>Cookie_bar<\/em><\/td>\n<td width=\"222\"><em>Cookies internes<\/em><\/td>\n<td width=\"109\"><em>1 mois <\/em><\/td>\n<td width=\"154\"><em>Ce cookie permet de savoir si l\u2019on a cliqu\u00e9 sur le pop-up.<\/em><\/td>\n<\/tr>\n<\/tbody>\n<\/table>\n<strong><em>\u00a0<\/em><\/strong>\t\t\t\t\t\t\t\t<\/div>\n\t\t\t\t<\/div>\n\t\t\t\t<div class=\"elementor-element elementor-element-ff97163 elementor-widget elementor-widget-text-editor\" data-id=\"ff97163\" data-element_type=\"widget\" data-e-type=\"widget\" data-widget_type=\"text-editor.default\">\n\t\t\t\t<div class=\"elementor-widget-container\">\n\t\t\t\t\t\t\t\t\t<h4>Cookies non fonctionnels<\/h4>\n<span style=\"text-decoration: underline;\"><strong>Cookies statistiques<\/strong><\/span>\n\n<strong><em>* Les cookies list\u00e9s ci-dessous sont des exemples. Adressez-vous au gestionnaire de votre site afin qu\u2019il puisse remplir ce tableau en fonction des cookies que vous utilisez.<\/em><\/strong>\n<table width=\"100%\">\n<tbody>\n<tr>\n<td width=\"20%\">Nom<\/td>\n<td width=\"20%\">Type<\/td>\n<td width=\"20%\">Ech\u00e9ance<\/td>\n<td width=\"40%\">Objectif<\/td>\n<\/tr>\n<tr>\n<td width=\"151\"><em>_ga,_gat, _gid<\/em><\/td>\n<td width=\"200\"><em>Cookies internes<\/em><\/td>\n<td width=\"108\"><em>_ga : 2 ans <\/em>\n\n<em>_gat : 1 minute<\/em>\n\n<em>_gid : 24 heures<\/em><\/td>\n<td width=\"141\"><em>Ce cookie conserve des informations sur la fa\u00e7on dont les sites web sont utilis\u00e9s (par exemple : se souvenir des pr\u00e9f\u00e9rences de recherche).<\/em><\/td>\n<\/tr>\n<tr>\n<td width=\"151\"><em>APISID, NID, 1P_JAR<\/em><\/td>\n<td width=\"200\"><em>Cookies tiers<\/em><\/td>\n<td width=\"108\"><em>APSID : inconnu<\/em>\n\n<em>NID : 6 mois<\/em>\n\n<em>1P_JAR : 30 jours<\/em><\/td>\n<td width=\"141\"><em>Ce cookie conserve des informations sur la fa\u00e7on dont les sites web sont utilis\u00e9s (par exemple : se souvenir des pr\u00e9f\u00e9rences de recherche).<\/em><\/td>\n<\/tr>\n<tr>\n<td width=\"151\"><em>HSID, SSID, SIDCC, SAPISID<\/em>\n\n<em>\u00a0<\/em><\/td>\n<td width=\"200\"><em>Cookies tiers<\/em><\/td>\n<td width=\"108\"><em>SIDCC: 3 mois<\/em>\n\n<em>Autre : 2 ans<\/em><\/td>\n<td width=\"141\"><em>Ce cookie conserve des informations sur la mani\u00e8re dont les sites web sont utilis\u00e9s (par exemple : se souvenir des pr\u00e9f\u00e9rences de recherche).<\/em><\/td>\n<\/tr>\n<\/tbody>\n<\/table>\t\t\t\t\t\t\t\t<\/div>\n\t\t\t\t<\/div>\n\t\t\t\t<div class=\"elementor-element elementor-element-33f2bb0 elementor-widget elementor-widget-text-editor\" data-id=\"33f2bb0\" data-element_type=\"widget\" data-e-type=\"widget\" data-widget_type=\"text-editor.default\">\n\t\t\t\t<div class=\"elementor-widget-container\">\n\t\t\t\t\t\t\t\t\t<span style=\"text-decoration: underline;\"><strong>Cookies social (cookies tiers)<\/strong><\/span>\n\n<strong><em>* Les cookies list\u00e9s ci-dessous sont des exemples. Adressez-vous au gestionnaire de votre site afin qu\u2019il puisse remplir ce tableau en fonction des cookies que vous utilisez.<\/em><\/strong>\n<table width=\"100%\">\n<tbody>\n<tr>\n<td width=\"30%\">Nom<\/td>\n<td width=\"70%\">Description<\/td>\n<\/tr>\n<tr>\n<td width=\"151\"><em>act, c_user, datr, fr, pl, presence, sb, wd, xs<\/em><\/td>\n<td width=\"454\"><em>Ces cookies sont utilis\u00e9s pour les fonctionnalit\u00e9s de Facebook, tels que les liens vers les pages de fans, sur les boutons de partage des m\u00e9dias sociaux, et sur certaines pages de contenu. Ils collectent des renseignements pour, par exemple, savoir quels articles sont aim\u00e9s. Pour plus d&#8217;informations, veuillez visiter le site de Facebook.<\/em><\/td>\n<\/tr>\n<tr>\n<td width=\"151\"><em>(_utma, _utmz, _ga, eu_cn, external_referrer, guest_id, personalization_id,<\/em>\n\n<em>syndication, tfw_exp<\/em><\/td>\n<td width=\"454\"><em>Twitter peut utiliser ces informations pour optimiser la navigation, par exemple, en conservant une trace du navigateur utilis\u00e9 et pour afficher des publicit\u00e9s d&#8217;int\u00e9r\u00eat sur Twitter. Pour plus d&#8217;informations, veuillez visiter le site de Twitter.<\/em><\/td>\n<\/tr>\n<\/tbody>\n<\/table>\t\t\t\t\t\t\t\t<\/div>\n\t\t\t\t<\/div>\n\t\t\t\t<div class=\"elementor-element elementor-element-c4cde5f elementor-widget elementor-widget-text-editor\" data-id=\"c4cde5f\" data-element_type=\"widget\" data-e-type=\"widget\" data-widget_type=\"text-editor.default\">\n\t\t\t\t<div class=\"elementor-widget-container\">\n\t\t\t\t\t\t\t\t\t<h3>Suppression ou blocage des cookies<\/h3><p>Si vous le souhaitez, vous pouvez supprimer ou bloquer les cookies. La mani\u00e8re de proc\u00e9der d\u00e9pend de votre navigateur. Nous avons dress\u00e9 une liste concernant les navigateurs les plus courants :<\/p><ul><li>Microsoft Edge: <a href=\"https:\/\/support.microsoft.com\/fr-be\/help\/4027947\/windows-delete-cookies\">https:\/\/support.microsoft.com\/fr-be\/help\/4027947\/windows-delete-cookies<\/a><\/li><li>Chrome\u00a0: <a href=\"https:\/\/support.google.com\/chrome\/answer\/95647?co=GENIE.Platform%3DDesktop&amp;hl=fr\">https:\/\/support.google.com\/chrome\/answer\/95647?co=GENIE.Platform%3DDesktop&amp;hl=fr<\/a><\/li><li>Firefox\u00a0: <a href=\"https:\/\/support.mozilla.org\/fr\/kb\/effacer-les-cookies-pour-supprimer-les-information\">https:\/\/support.mozilla.org\/fr\/kb\/effacer-les-cookies-pour-supprimer-les-information<\/a><\/li><li>Safari\u00a0: <a href=\"https:\/\/support.apple.com\/fr-be\/guide\/safari\/sfri11471\/mac\">https:\/\/support.apple.com\/fr-be\/guide\/safari\/sfri11471\/mac<\/a><\/li><\/ul>\t\t\t\t\t\t\t\t<\/div>\n\t\t\t\t<\/div>\n\t\t\t\t<div class=\"elementor-element elementor-element-8f795c4 elementor-widget elementor-widget-spacer\" data-id=\"8f795c4\" data-element_type=\"widget\" data-e-type=\"widget\" data-widget_type=\"spacer.default\">\n\t\t\t\t<div class=\"elementor-widget-container\">\n\t\t\t\t\t\t\t<div class=\"elementor-spacer\">\n\t\t\t<div class=\"elementor-spacer-inner\"><\/div>\n\t\t<\/div>\n\t\t\t\t\t\t<\/div>\n\t\t\t\t<\/div>\n\t\t\t\t\t<\/div>\n\t\t<\/div>\n\t\t\t\t\t<\/div>\n\t\t<\/section>\n\t\t\t\t<\/div>\n\t\t","protected":false},"excerpt":{"rendered":"<p>POLITIQUE DE GESTION DES COOKIES La pr\u00e9sente politique en mati\u00e8re de cookies a \u00e9t\u00e9 r\u00e9dig\u00e9e par Actalex pour le site web (actalex.be). Lors de votre visite sur le site web susmentionn\u00e9, des cookies ou d\u2019autres technologies similaires peuvent \u00eatre utilis\u00e9s pour am\u00e9liorer la convivialit\u00e9 du site web. Les cookies sont des fichiers plac\u00e9s sur votre [&hellip;]<\/p>\n","protected":false},"author":13,"featured_media":0,"parent":0,"menu_order":0,"comment_status":"closed","ping_status":"closed","template":"elementor_header_footer","meta":{"footnotes":""},"class_list":["post-22261","page","type-page","status-publish","hentry"],"yoast_head":"<!-- This site is optimized with the Yoast SEO plugin v27.4 - https:\/\/yoast.com\/product\/yoast-seo-wordpress\/ -->\n<title>Cookies - Actalex<\/title>\n<meta name=\"robots\" content=\"index, follow, max-snippet:-1, max-image-preview:large, max-video-preview:-1\" \/>\n<link rel=\"canonical\" href=\"https:\/\/actalex.be\/nl\/cookies\/\" \/>\n<meta property=\"og:locale\" content=\"nl_NL\" \/>\n<meta property=\"og:type\" content=\"article\" \/>\n<meta property=\"og:title\" content=\"Cookies - Actalex\" \/>\n<meta property=\"og:description\" content=\"POLITIQUE DE GESTION DES COOKIES La pr\u00e9sente politique en mati\u00e8re de cookies a \u00e9t\u00e9 r\u00e9dig\u00e9e par Actalex pour le site web (actalex.be). Lors de votre visite sur le site web susmentionn\u00e9, des cookies ou d\u2019autres technologies similaires peuvent \u00eatre utilis\u00e9s pour am\u00e9liorer la convivialit\u00e9 du site web. Les cookies sont des fichiers plac\u00e9s sur votre [&hellip;]\" \/>\n<meta property=\"og:url\" content=\"https:\/\/actalex.be\/nl\/cookies\/\" \/>\n<meta property=\"og:site_name\" content=\"Actalex\" \/>\n<meta name=\"twitter:card\" content=\"summary_large_image\" \/>\n<meta name=\"twitter:label1\" content=\"Geschatte leestijd\" \/>\n\t<meta name=\"twitter:data1\" content=\"4 minuten\" \/>\n<script type=\"application\/ld+json\" class=\"yoast-schema-graph\">{\"@context\":\"https:\\\/\\\/schema.org\",\"@graph\":[{\"@type\":\"WebPage\",\"@id\":\"https:\\\/\\\/actalex.be\\\/nl\\\/cookies\\\/\",\"url\":\"https:\\\/\\\/actalex.be\\\/nl\\\/cookies\\\/\",\"name\":\"Cookies - Actalex\",\"isPartOf\":{\"@id\":\"https:\\\/\\\/actalex.be\\\/nl\\\/#website\"},\"datePublished\":\"2021-08-17T14:25:21+00:00\",\"breadcrumb\":{\"@id\":\"https:\\\/\\\/actalex.be\\\/nl\\\/cookies\\\/#breadcrumb\"},\"inLanguage\":\"nl-NL\",\"potentialAction\":[{\"@type\":\"ReadAction\",\"target\":[\"https:\\\/\\\/actalex.be\\\/nl\\\/cookies\\\/\"]}]},{\"@type\":\"BreadcrumbList\",\"@id\":\"https:\\\/\\\/actalex.be\\\/nl\\\/cookies\\\/#breadcrumb\",\"itemListElement\":[{\"@type\":\"ListItem\",\"position\":1,\"name\":\"Accueil\",\"item\":\"https:\\\/\\\/actalex.be\\\/nl\\\/\"},{\"@type\":\"ListItem\",\"position\":2,\"name\":\"Cookies\"}]},{\"@type\":\"WebSite\",\"@id\":\"https:\\\/\\\/actalex.be\\\/nl\\\/#website\",\"url\":\"https:\\\/\\\/actalex.be\\\/nl\\\/\",\"name\":\"Actalex\",\"description\":\"\",\"potentialAction\":[{\"@type\":\"SearchAction\",\"target\":{\"@type\":\"EntryPoint\",\"urlTemplate\":\"https:\\\/\\\/actalex.be\\\/nl\\\/?s={search_term_string}\"},\"query-input\":{\"@type\":\"PropertyValueSpecification\",\"valueRequired\":true,\"valueName\":\"search_term_string\"}}],\"inLanguage\":\"nl-NL\"}]}<\/script>\n<!-- \/ Yoast SEO plugin. -->","yoast_head_json":{"title":"Cookies - Actalex","robots":{"index":"index","follow":"follow","max-snippet":"max-snippet:-1","max-image-preview":"max-image-preview:large","max-video-preview":"max-video-preview:-1"},"canonical":"https:\/\/actalex.be\/nl\/cookies\/","og_locale":"nl_NL","og_type":"article","og_title":"Cookies - Actalex","og_description":"POLITIQUE DE GESTION DES COOKIES La pr\u00e9sente politique en mati\u00e8re de cookies a \u00e9t\u00e9 r\u00e9dig\u00e9e par Actalex pour le site web (actalex.be). Lors de votre visite sur le site web susmentionn\u00e9, des cookies ou d\u2019autres technologies similaires peuvent \u00eatre utilis\u00e9s pour am\u00e9liorer la convivialit\u00e9 du site web. Les cookies sont des fichiers plac\u00e9s sur votre [&hellip;]","og_url":"https:\/\/actalex.be\/nl\/cookies\/","og_site_name":"Actalex","twitter_card":"summary_large_image","twitter_misc":{"Geschatte leestijd":"4 minuten"},"schema":{"@context":"https:\/\/schema.org","@graph":[{"@type":"WebPage","@id":"https:\/\/actalex.be\/nl\/cookies\/","url":"https:\/\/actalex.be\/nl\/cookies\/","name":"Cookies - Actalex","isPartOf":{"@id":"https:\/\/actalex.be\/nl\/#website"},"datePublished":"2021-08-17T14:25:21+00:00","breadcrumb":{"@id":"https:\/\/actalex.be\/nl\/cookies\/#breadcrumb"},"inLanguage":"nl-NL","potentialAction":[{"@type":"ReadAction","target":["https:\/\/actalex.be\/nl\/cookies\/"]}]},{"@type":"BreadcrumbList","@id":"https:\/\/actalex.be\/nl\/cookies\/#breadcrumb","itemListElement":[{"@type":"ListItem","position":1,"name":"Accueil","item":"https:\/\/actalex.be\/nl\/"},{"@type":"ListItem","position":2,"name":"Cookies"}]},{"@type":"WebSite","@id":"https:\/\/actalex.be\/nl\/#website","url":"https:\/\/actalex.be\/nl\/","name":"Actalex","description":"","potentialAction":[{"@type":"SearchAction","target":{"@type":"EntryPoint","urlTemplate":"https:\/\/actalex.be\/nl\/?s={search_term_string}"},"query-input":{"@type":"PropertyValueSpecification","valueRequired":true,"valueName":"search_term_string"}}],"inLanguage":"nl-NL"}]}},"_links":{"self":[{"href":"https:\/\/actalex.be\/nl\/wp-json\/wp\/v2\/pages\/22261","targetHints":{"allow":["GET"]}}],"collection":[{"href":"https:\/\/actalex.be\/nl\/wp-json\/wp\/v2\/pages"}],"about":[{"href":"https:\/\/actalex.be\/nl\/wp-json\/wp\/v2\/types\/page"}],"author":[{"embeddable":true,"href":"https:\/\/actalex.be\/nl\/wp-json\/wp\/v2\/users\/13"}],"replies":[{"embeddable":true,"href":"https:\/\/actalex.be\/nl\/wp-json\/wp\/v2\/comments?post=22261"}],"version-history":[{"count":0,"href":"https:\/\/actalex.be\/nl\/wp-json\/wp\/v2\/pages\/22261\/revisions"}],"wp:attachment":[{"href":"https:\/\/actalex.be\/nl\/wp-json\/wp\/v2\/media?parent=22261"}],"curies":[{"name":"wp","href":"https:\/\/api.w.org\/{rel}","templated":true}]}}